{"id":393,"date":"2020-11-04T12:13:06","date_gmt":"2020-11-04T12:13:06","guid":{"rendered":"https:\/\/themes.getmotopress.com\/albatross\/?page_id=352"},"modified":"2020-11-04T12:13:06","modified_gmt":"2020-11-04T12:13:06","slug":"accommodations-default","status":"publish","type":"page","link":"https:\/\/casasuprana.fr\/index.php\/accommodations-default\/","title":{"rendered":"Accommodations"},"content":{"rendered":"\t\t<div data-elementor-type=\"wp-page\" data-elementor-id=\"393\" class=\"elementor elementor-393\">\n\t\t\t\t\t\t<section class=\"elementor-section elementor-top-section elementor-element elementor-element-6b2fbe42 elementor-section-boxed elementor-section-height-default elementor-section-height-default\" data-id=\"6b2fbe42\" data-element_type=\"section\">\n\t\t\t\t\t\t<div class=\"elementor-container elementor-column-gap-no\">\n\t\t\t\t\t<div class=\"elementor-column elementor-col-100 elementor-top-column elementor-element elementor-element-269eb9cf\" data-id=\"269eb9cf\" data-element_type=\"column\">\n\t\t\t<div class=\"elementor-widget-wrap elementor-element-populated\">\n\t\t\t\t\t\t<div class=\"elementor-element elementor-element-4d764b81 elementor-widget elementor-widget-shortcode\" data-id=\"4d764b81\" data-element_type=\"widget\" data-widget_type=\"shortcode.default\">\n\t\t\t\t\t\t\t<div class=\"elementor-shortcode\"><div class=\"mphb_sc_rooms-wrapper mphb-room-types \">    <div class=\"rooms-wrapper\">\n\t\n<div class=\"mphb-room-type post-691 mphb_room_type type-mphb_room_type status-publish mphb_room_type_category-24-stritta-di-casanova-supranu-altagene mphb_room_type_facility-baignoire-a-remous mphb_room_type_facility-balcon mphb_room_type_facility-parking-gratuit-3-places mphb_room_type_facility-television-connectee mphb_room_type_facility-wi-fi-fibre mphb-room-type-adults-10 mphb-room-type-children-10 \">\n\n\t\n\t        <div class=\"mphb-room-type-content-wrapper\">\n            <div class=\"mphb-room-type-content\">\n\t\t\t\t                    <div class=\"mphb-room-type-description\">\n\t\t\t\t\t\t\n<h2 class=\"mphb-room-type-title entry-title\">\n\n<a class=\"mphb-room-type-title\" href=\"https:\/\/casasuprana.fr\/index.php\/accommodation\/maison-entiere\/\">Casa suprana<\/a>\n\n<\/h2>\n                            <div class=\"mphb-room-type-excerpt\">\n\t\t\t\t\t\t\t\t\n\n<p>Capacit\u00e9 10 personnes 4 lits pour 2 personnes, deux lits enfant superpos\u00e9s 3 salles d&#8217;eau, 1 salle de bain, 2 WC ind\u00e9pendants<\/p>\n\n                            <\/div>\n\t\t\t\t\t\t\n<h3 class=\"mphb-room-type-details-title\">D\u00e9tails<\/h3><ul class=\"mphb-loop-room-type-attributes\">\n\t<li class=\"mphb-room-type-total-capacity\"><span class=\"mphb-attribute-title mphb-total-capacity-title\">Invit\u00e9s:<\/span><span class=\"mphb-attribute-value\">\n\t10\n\t<\/span><\/li>\t\n\n\n\n\t<li class=\"mphb-room-type-facilities\"><span class=\"mphb-attribute-title mphb-facilities-title\">\u00c9quipements :<\/span><span class=\"mphb-attribute-value\"> <span class=\"facility-baignoire-a-remous\"><a href=\"https:\/\/casasuprana.fr\/index.php\/accommodation-facility\/baignoire-a-remous\/\">Baignoire \u00e0 remous<\/a><\/span>, <span class=\"facility-balcon\"><a href=\"https:\/\/casasuprana.fr\/index.php\/accommodation-facility\/balcon\/\">Balcon<\/a><\/span>, <span class=\"facility-parking-gratuit-3-places\"><a href=\"https:\/\/casasuprana.fr\/index.php\/accommodation-facility\/parking-gratuit-3-places\/\">Parking gratuit, 3 places au total<\/a><\/span>, <span class=\"facility-television-connectee\"><a href=\"https:\/\/casasuprana.fr\/index.php\/accommodation-facility\/television-connectee\/\">T\u00e9l\u00e9vision connect\u00e9e<\/a><\/span>, <span class=\"facility-wi-fi-fibre\"><a href=\"https:\/\/casasuprana.fr\/index.php\/accommodation-facility\/wi-fi-fibre\/\">Wi-Fi, connexion Internet fibre<\/a><\/span><\/span><\/li>\n\t\n\n\n\t<li class=\"mphb-room-type-view\"><span class=\"mphb-attribute-title mphb-view-title\">Vue :<\/span><span class=\"mphb-attribute-value\">\n\tVue sur le village et les montagnes environnantes\n\t<\/span><\/li>\n\t\n\n\n\t<li class=\"mphb-room-type-size\"><span class=\"mphb-attribute-title mphb-size-title\">Taille :<\/span><span class=\"mphb-attribute-value\">\n\t220m\u00b2\n\t<\/span><\/li>\n\t\n\n\n\n\t<li class=\"mphb-room-type-categories\"><span class=\"mphb-attribute-title mphb-categories-title\">Cat\u00e9gories :<\/span><span class=\"mphb-attribute-value\"> <span class=\"category-24-stritta-di-casanova-supranu-altagene\"><a href=\"https:\/\/casasuprana.fr\/index.php\/accommodation-category\/24-stritta-di-casanova-supranu-altagene\/\">24 Stritta di Casanova Supranu, 20112 ALTAGENE<\/a><\/span><\/span><\/li>\n\t\n<\/ul>                    <\/div>\n\t\t\t\t                    <div class=\"mphb-room-type-buttons\">\n\t\t\t\t\t\t\n<div class=\"mphb-to-book-btn-wrapper\">\n<form action=\"https:\/\/casasuprana.fr\/index.php\/accommodation\/maison-entiere\/#booking-form-691\" method=\"get\" ><button type=\"submit\" class=\"button mphb-book-button\" ><svg enable-background=\"new 0 0 30.99 6.99\" \n\t\t\t\tviewBox=\"0 0 30.99 6.99\" xml:space=\"preserve\" xmlns=\"http:\/\/www.w3.org\/2000\/svg\">\n            \t<rect y=\"3\" width=\"30\" height=\"1\"><\/rect><polyline points=\"26.78 0.68 28.18 2.08 29.58 3.48 26.8 6.26 \n            \t27.53 6.99 30.99 3.53 27.46 0\"><\/polyline><\/svg>Book now<\/button><\/form>\n<\/div>\n<p class=\"mphb-view-details-button-wrapper\">\n<a class=\"button mphb-view-details-button\" href=\"https:\/\/casasuprana.fr\/index.php\/accommodation\/maison-entiere\/\" >Voir les d\u00e9tails<\/a>\n<\/p>                    <\/div>\n\t\t\t\t            <\/div>\n        <\/div>\n\t\n<\/div>\n\n    <\/div>\n\t<\/div><\/div>\n\t\t\t\t\t\t<\/div>\n\t\t\t\t\t<\/div>\n\t\t<\/div>\n\t\t\t\t\t<\/div>\n\t\t<\/section>\n\t\t\t\t<\/div>\n\t\t","protected":false},"excerpt":{"rendered":"","protected":false},"author":1,"featured_media":0,"parent":0,"menu_order":0,"comment_status":"closed","ping_status":"closed","template":"template-page-sidebar.php","meta":{"inline_featured_image":false,"footnotes":""},"class_list":["post-393","page","type-page","status-publish","hentry"],"_links":{"self":[{"href":"https:\/\/casasuprana.fr\/index.php\/wp-json\/wp\/v2\/pages\/393","targetHints":{"allow":["GET"]}}],"collection":[{"href":"https:\/\/casasuprana.fr\/index.php\/wp-json\/wp\/v2\/pages"}],"about":[{"href":"https:\/\/casasuprana.fr\/index.php\/wp-json\/wp\/v2\/types\/page"}],"author":[{"embeddable":true,"href":"https:\/\/casasuprana.fr\/index.php\/wp-json\/wp\/v2\/users\/1"}],"replies":[{"embeddable":true,"href":"https:\/\/casasuprana.fr\/index.php\/wp-json\/wp\/v2\/comments?post=393"}],"version-history":[{"count":0,"href":"https:\/\/casasuprana.fr\/index.php\/wp-json\/wp\/v2\/pages\/393\/revisions"}],"wp:attachment":[{"href":"https:\/\/casasuprana.fr\/index.php\/wp-json\/wp\/v2\/media?parent=393"}],"curies":[{"name":"wp","href":"https:\/\/api.w.org\/{rel}","templated":true}]}}