{"id":385,"date":"2020-11-03T19:58:44","date_gmt":"2020-11-03T19:58:44","guid":{"rendered":"https:\/\/themes.getmotopress.com\/albatross\/?page_id=26"},"modified":"2026-03-08T15:54:56","modified_gmt":"2026-03-08T14:54:56","slug":"home-3","status":"publish","type":"page","link":"https:\/\/casasuprana.fr\/","title":{"rendered":"Home"},"content":{"rendered":"\t\t<div data-elementor-type=\"wp-page\" data-elementor-id=\"385\" class=\"elementor elementor-385\">\n\t\t\t\t\t\t<section class=\"elementor-section elementor-top-section elementor-element elementor-element-6d85d9c elementor-section-content-middle elementor-section-boxed elementor-section-height-default elementor-section-height-default\" data-id=\"6d85d9c\" data-element_type=\"section\">\n\t\t\t\t\t\t<div class=\"elementor-container elementor-column-gap-default\">\n\t\t\t\t\t<div class=\"elementor-column elementor-col-50 elementor-top-column elementor-element elementor-element-2b346cb\" data-id=\"2b346cb\" data-element_type=\"column\">\n\t\t\t<div class=\"elementor-widget-wrap elementor-element-populated\">\n\t\t\t\t\t\t<div class=\"elementor-element elementor-element-5d50a6c elementor-widget elementor-widget-image\" data-id=\"5d50a6c\" data-element_type=\"widget\" data-widget_type=\"image.default\">\n\t\t\t\t\t\t\t\t\t\t\t\t\t\t\t<img fetchpriority=\"high\" decoding=\"async\" width=\"480\" height=\"854\" src=\"https:\/\/casasuprana.fr\/wp-content\/uploads\/2026\/01\/IMG_3958.jpg\" class=\"attachment-full size-full wp-image-593\" alt=\"\" srcset=\"https:\/\/casasuprana.fr\/wp-content\/uploads\/2026\/01\/IMG_3958.jpg 480w, https:\/\/casasuprana.fr\/wp-content\/uploads\/2026\/01\/IMG_3958-169x300.jpg 169w\" sizes=\"(max-width: 480px) 100vw, 480px\" \/>\t\t\t\t\t\t\t\t\t\t\t\t\t\t\t<\/div>\n\t\t\t\t\t<\/div>\n\t\t<\/div>\n\t\t\t\t<div class=\"elementor-column elementor-col-50 elementor-top-column elementor-element elementor-element-0a5efd6\" data-id=\"0a5efd6\" data-element_type=\"column\">\n\t\t\t<div class=\"elementor-widget-wrap elementor-element-populated\">\n\t\t\t\t\t\t<div class=\"elementor-element elementor-element-18b8efa elementor-widget elementor-widget-heading\" data-id=\"18b8efa\" data-element_type=\"widget\" data-widget_type=\"heading.default\">\n\t\t\t\t\t<h2 class=\"elementor-heading-title elementor-size-default\">La maison Casa Suprana vous accueille \u00e0 Altag\u00e8ne.<\/h2>\t\t\t\t<\/div>\n\t\t\t\t<section class=\"elementor-section elementor-inner-section elementor-element elementor-element-4a59895 elementor-section-boxed elementor-section-height-default elementor-section-height-default\" data-id=\"4a59895\" data-element_type=\"section\">\n\t\t\t\t\t\t<div class=\"elementor-container elementor-column-gap-default\">\n\t\t\t\t\t<div class=\"elementor-column elementor-col-100 elementor-inner-column elementor-element elementor-element-0d59ec8\" data-id=\"0d59ec8\" data-element_type=\"column\">\n\t\t\t<div class=\"elementor-widget-wrap elementor-element-populated\">\n\t\t\t\t\t\t<div class=\"elementor-element elementor-element-ef9defd elementor-widget elementor-widget-text-editor\" data-id=\"ef9defd\" data-element_type=\"widget\" data-widget_type=\"text-editor.default\">\n\t\t\t\t\t\t\t\t\t<p>Au calme, loin de l&#8217;agitation, mais proche des commodit\u00e9s, des plages et des activit\u00e9s de montagne. Au coeur de l&#8217;Alta Rocca, \u00e0 25 minutes de Sart\u00e8ne et Propriano. Explorez les merveilles du Sartenais-Valinco et de l&#8217;Alta-Rocca.<\/p>\t\t\t\t\t\t\t\t<\/div>\n\t\t\t\t\t<\/div>\n\t\t<\/div>\n\t\t\t\t\t<\/div>\n\t\t<\/section>\n\t\t\t\t\t<\/div>\n\t\t<\/div>\n\t\t\t\t\t<\/div>\n\t\t<\/section>\n\t\t\t\t<section class=\"elementor-section elementor-top-section elementor-element elementor-element-7807cf3 elementor-section-boxed elementor-section-height-default elementor-section-height-default\" data-id=\"7807cf3\" data-element_type=\"section\">\n\t\t\t\t\t\t<div class=\"elementor-container elementor-column-gap-default\">\n\t\t\t\t\t<div class=\"elementor-column elementor-col-100 elementor-top-column elementor-element elementor-element-cbeb8ec\" data-id=\"cbeb8ec\" data-element_type=\"column\">\n\t\t\t<div class=\"elementor-widget-wrap elementor-element-populated\">\n\t\t\t\t\t\t<div class=\"elementor-element elementor-element-7bfd7d9 outlined elementor-widget elementor-widget-heading\" data-id=\"7bfd7d9\" data-element_type=\"widget\" data-widget_type=\"heading.default\">\n\t\t\t\t\t<h2 class=\"elementor-heading-title elementor-size-default\">Altag\u00e8ne<\/h2>\t\t\t\t<\/div>\n\t\t\t\t\t<\/div>\n\t\t<\/div>\n\t\t\t\t\t<\/div>\n\t\t<\/section>\n\t\t\t\t<section class=\"elementor-section elementor-top-section elementor-element elementor-element-e40a655 elementor-section-content-middle elementor-section-boxed elementor-section-height-default elementor-section-height-default\" data-id=\"e40a655\" data-element_type=\"section\" data-settings=\"{&quot;background_background&quot;:&quot;classic&quot;}\">\n\t\t\t\t\t\t<div class=\"elementor-container elementor-column-gap-default\">\n\t\t\t\t\t<div class=\"elementor-column elementor-col-50 elementor-top-column elementor-element elementor-element-39bbe10\" data-id=\"39bbe10\" data-element_type=\"column\">\n\t\t\t<div class=\"elementor-widget-wrap elementor-element-populated\">\n\t\t\t\t\t\t<section class=\"elementor-section elementor-inner-section elementor-element elementor-element-ed13f74 elementor-section-boxed elementor-section-height-default elementor-section-height-default\" data-id=\"ed13f74\" data-element_type=\"section\">\n\t\t\t\t\t\t<div class=\"elementor-container elementor-column-gap-default\">\n\t\t\t\t\t<div class=\"elementor-column elementor-col-100 elementor-inner-column elementor-element elementor-element-fea0946\" data-id=\"fea0946\" data-element_type=\"column\">\n\t\t\t<div class=\"elementor-widget-wrap elementor-element-populated\">\n\t\t\t\t\t\t<div class=\"elementor-element elementor-element-3bef5f9 elementor-widget elementor-widget-text-editor\" data-id=\"3bef5f9\" data-element_type=\"widget\" data-widget_type=\"text-editor.default\">\n\t\t\t\t\t\t\t\t\t<p>220 m\u00b2 de confort: S\u00e9jour cuisine de 90 m\u00b2, suite parentale avec dressing, baignoire, douche et WC, 2 chambres avec salle d&#8217;eau, une chambre avec salle d&#8217;eau ind\u00e9pendante, 2 WC ind\u00e9pendants.<\/p>\t\t\t\t\t\t\t\t<\/div>\n\t\t\t\t<div class=\"elementor-element elementor-element-1a572f2 elementor-widget elementor-widget-html\" data-id=\"1a572f2\" data-element_type=\"widget\" data-widget_type=\"html.default\">\n\t\t\t\t\t<a class=\"albatross-button\" href=\"#\">\n    <svg enable-background=\"new 0 0 30.99 6.99\" viewBox=\"0 0 30.99 6.99\" xml:space=\"preserve\" xmlns=\"http:\/\/www.w3.org\/2000\/svg\">\n            \t<rect y=\"3\" width=\"30\" height=\"1\"><\/rect><polyline points=\"26.78 0.68 28.18 2.08 29.58 3.48 26.8 6.26 \n            \t27.53 6.99 30.99 3.53 27.46 0\"><\/polyline><\/svg>\n            \tRead More\n<\/a>\t\t\t\t<\/div>\n\t\t\t\t\t<\/div>\n\t\t<\/div>\n\t\t\t\t\t<\/div>\n\t\t<\/section>\n\t\t\t\t\t<\/div>\n\t\t<\/div>\n\t\t\t\t<div class=\"elementor-column elementor-col-50 elementor-top-column elementor-element elementor-element-b01e0a1\" data-id=\"b01e0a1\" data-element_type=\"column\">\n\t\t\t<div class=\"elementor-widget-wrap elementor-element-populated\">\n\t\t\t\t\t\t<div class=\"elementor-element elementor-element-0eec76b elementor-widget elementor-widget-image\" data-id=\"0eec76b\" data-element_type=\"widget\" data-widget_type=\"image.default\">\n\t\t\t\t\t\t\t\t\t\t\t\t\t\t\t<img decoding=\"async\" width=\"854\" height=\"480\" src=\"https:\/\/casasuprana.fr\/wp-content\/uploads\/2026\/01\/IMG_0378.jpg\" class=\"attachment-full size-full wp-image-582\" alt=\"\" srcset=\"https:\/\/casasuprana.fr\/wp-content\/uploads\/2026\/01\/IMG_0378.jpg 854w, https:\/\/casasuprana.fr\/wp-content\/uploads\/2026\/01\/IMG_0378-300x169.jpg 300w, https:\/\/casasuprana.fr\/wp-content\/uploads\/2026\/01\/IMG_0378-768x432.jpg 768w, https:\/\/casasuprana.fr\/wp-content\/uploads\/2026\/01\/IMG_0378-500x281.jpg 500w\" sizes=\"(max-width: 854px) 100vw, 854px\" \/>\t\t\t\t\t\t\t\t\t\t\t\t\t\t\t<\/div>\n\t\t\t\t\t<\/div>\n\t\t<\/div>\n\t\t\t\t\t<\/div>\n\t\t<\/section>\n\t\t\t\t<section class=\"elementor-section elementor-top-section elementor-element elementor-element-d8ced94 elementor-section-boxed elementor-section-height-default elementor-section-height-default\" data-id=\"d8ced94\" data-element_type=\"section\">\n\t\t\t\t\t\t<div class=\"elementor-container elementor-column-gap-default\">\n\t\t\t\t\t<div class=\"elementor-column elementor-col-50 elementor-top-column elementor-element elementor-element-817be75\" data-id=\"817be75\" data-element_type=\"column\">\n\t\t\t<div class=\"elementor-widget-wrap elementor-element-populated\">\n\t\t\t\t\t\t<div class=\"elementor-element elementor-element-f0e8869 outlined elementor-widget elementor-widget-heading\" data-id=\"f0e8869\" data-element_type=\"widget\" data-widget_type=\"heading.default\">\n\t\t\t\t\t<h2 class=\"elementor-heading-title elementor-size-default\">eat<\/h2>\t\t\t\t<\/div>\n\t\t\t\t<div class=\"elementor-element elementor-element-5e0e512 elementor-widget elementor-widget-image\" data-id=\"5e0e512\" data-element_type=\"widget\" data-widget_type=\"image.default\">\n\t\t\t\t\t\t\t\t\t\t\t\t\t\t\t<img decoding=\"async\" width=\"480\" height=\"854\" src=\"https:\/\/casasuprana.fr\/wp-content\/uploads\/2026\/01\/IMG_5343.jpg\" class=\"attachment-large size-large wp-image-594\" alt=\"\" srcset=\"https:\/\/casasuprana.fr\/wp-content\/uploads\/2026\/01\/IMG_5343.jpg 480w, https:\/\/casasuprana.fr\/wp-content\/uploads\/2026\/01\/IMG_5343-169x300.jpg 169w\" sizes=\"(max-width: 480px) 100vw, 480px\" \/>\t\t\t\t\t\t\t\t\t\t\t\t\t\t\t<\/div>\n\t\t\t\t\t<\/div>\n\t\t<\/div>\n\t\t\t\t<div class=\"elementor-column elementor-col-50 elementor-top-column elementor-element elementor-element-3a6386c\" data-id=\"3a6386c\" data-element_type=\"column\">\n\t\t\t<div class=\"elementor-widget-wrap elementor-element-populated\">\n\t\t\t\t\t\t<div class=\"elementor-element elementor-element-644d46e elementor-widget elementor-widget-heading\" data-id=\"644d46e\" data-element_type=\"widget\" data-widget_type=\"heading.default\">\n\t\t\t\t\t<h2 class=\"elementor-heading-title elementor-size-default\">La cuisine<\/h2>\t\t\t\t<\/div>\n\t\t\t\t<div class=\"elementor-element elementor-element-abe6cd9 elementor-widget elementor-widget-text-editor\" data-id=\"abe6cd9\" data-element_type=\"widget\" data-widget_type=\"text-editor.default\">\n\t\t\t\t\t\t\t\t\t<p>Tout l&#8217;\u00e9quipement n\u00e9cessaire pour manger sur le pouce ou pour pr\u00e9parer de v\u00e9ritables festins.<\/p>\t\t\t\t\t\t\t\t<\/div>\n\t\t\t\t<div class=\"elementor-element elementor-element-eeb80ba elementor-widget elementor-widget-heading\" data-id=\"eeb80ba\" data-element_type=\"widget\" data-widget_type=\"heading.default\">\n\t\t\t\t\t<h4 class=\"elementor-heading-title elementor-size-default\">Le gros \u00e9lectrom\u00e9nager<\/h4>\t\t\t\t<\/div>\n\t\t\t\t<div class=\"elementor-element elementor-element-745497c elementor-widget elementor-widget-text-editor\" data-id=\"745497c\" data-element_type=\"widget\" data-widget_type=\"text-editor.default\">\n\t\t\t\t\t\t\t\t\t<p>Four, four \u00e0 micro-ondes, lave-vaisselle, grande plaque de cuisson \u00e0 induction 4 foyers, hotte (pilot\u00e9e depuis la plaque de cuisson), robot Thermomix<\/p>\t\t\t\t\t\t\t\t<\/div>\n\t\t\t\t<div class=\"elementor-element elementor-element-bae5f4b elementor-widget elementor-widget-heading\" data-id=\"bae5f4b\" data-element_type=\"widget\" data-widget_type=\"heading.default\">\n\t\t\t\t\t<h4 class=\"elementor-heading-title elementor-size-default\">Le petit \u00e9lectrom\u00e9nager<\/h4>\t\t\t\t<\/div>\n\t\t\t\t<div class=\"elementor-element elementor-element-644a206 elementor-widget elementor-widget-text-editor\" data-id=\"644a206\" data-element_type=\"widget\" data-widget_type=\"text-editor.default\">\n\t\t\t\t\t\t\t\t\t<p>Cafeti\u00e8re, grille-pain, chocolati\u00e8re, bouilloire, presse agrume \u00e9lectrique, yaourti\u00e8re<\/p>\t\t\t\t\t\t\t\t<\/div>\n\t\t\t\t<div class=\"elementor-element elementor-element-fcfe5fe elementor-widget elementor-widget-heading\" data-id=\"fcfe5fe\" data-element_type=\"widget\" data-widget_type=\"heading.default\">\n\t\t\t\t\t<h4 class=\"elementor-heading-title elementor-size-default\">Et pour l'ext\u00e9rieur<\/h4>\t\t\t\t<\/div>\n\t\t\t\t<div class=\"elementor-element elementor-element-c30eef3 elementor-widget elementor-widget-text-editor\" data-id=\"c30eef3\" data-element_type=\"widget\" data-widget_type=\"text-editor.default\">\n\t\t\t\t\t\t\t\t\t<p>Barbecue Camping gaz, four \u00e0 pizza Ooni 40cm et accessoires<\/p>\t\t\t\t\t\t\t\t<\/div>\n\t\t<div class=\"elementor-element elementor-element-509dd8f e-grid e-con-boxed e-con e-parent\" data-id=\"509dd8f\" data-element_type=\"container\">\n\t\t\t\t\t<div class=\"e-con-inner\">\n\t\t\t\t<div class=\"elementor-element elementor-element-a694433 elementor-widget elementor-widget-image\" data-id=\"a694433\" data-element_type=\"widget\" data-widget_type=\"image.default\">\n\t\t\t\t\t\t\t\t\t\t\t\t\t\t\t<img loading=\"lazy\" decoding=\"async\" width=\"300\" height=\"300\" src=\"https:\/\/casasuprana.fr\/wp-content\/uploads\/2026\/01\/Illustration-pizza.jpg\" class=\"attachment-medium size-medium wp-image-661\" alt=\"\" srcset=\"https:\/\/casasuprana.fr\/wp-content\/uploads\/2026\/01\/Illustration-pizza.jpg 300w, https:\/\/casasuprana.fr\/wp-content\/uploads\/2026\/01\/Illustration-pizza-150x150.jpg 150w\" sizes=\"(max-width: 300px) 100vw, 300px\" \/>\t\t\t\t\t\t\t\t\t\t\t\t\t\t\t<\/div>\n\t\t\t\t<div class=\"elementor-element elementor-element-e5d4262 elementor-widget elementor-widget-image\" data-id=\"e5d4262\" data-element_type=\"widget\" data-widget_type=\"image.default\">\n\t\t\t\t\t\t\t\t\t\t\t\t\t\t\t<img loading=\"lazy\" decoding=\"async\" width=\"449\" height=\"300\" src=\"https:\/\/casasuprana.fr\/wp-content\/uploads\/2026\/01\/Illustration-barbecue.jpg\" class=\"attachment-large size-large wp-image-660\" alt=\"\" srcset=\"https:\/\/casasuprana.fr\/wp-content\/uploads\/2026\/01\/Illustration-barbecue.jpg 449w, https:\/\/casasuprana.fr\/wp-content\/uploads\/2026\/01\/Illustration-barbecue-300x200.jpg 300w\" sizes=\"(max-width: 449px) 100vw, 449px\" \/>\t\t\t\t\t\t\t\t\t\t\t\t\t\t\t<\/div>\n\t\t\t\t\t<\/div>\n\t\t\t\t<\/div>\n\t\t\t\t\t<\/div>\n\t\t<\/div>\n\t\t\t\t\t<\/div>\n\t\t<\/section>\n\t\t\t\t<section class=\"elementor-section elementor-top-section elementor-element elementor-element-65e6aea elementor-section-boxed elementor-section-height-default elementor-section-height-default\" data-id=\"65e6aea\" data-element_type=\"section\">\n\t\t\t\t\t\t<div class=\"elementor-container elementor-column-gap-default\">\n\t\t\t\t\t<div class=\"elementor-column elementor-col-100 elementor-top-column elementor-element elementor-element-6a7cba9\" data-id=\"6a7cba9\" data-element_type=\"column\">\n\t\t\t<div class=\"elementor-widget-wrap elementor-element-populated\">\n\t\t\t\t\t\t<div class=\"elementor-element elementor-element-5b21d8d elementor-widget elementor-widget-heading\" data-id=\"5b21d8d\" data-element_type=\"widget\" data-widget_type=\"heading.default\">\n\t\t\t\t\t<h2 class=\"elementor-heading-title elementor-size-default\">Les sanitaires<\/h2>\t\t\t\t<\/div>\n\t\t\t\t<div class=\"elementor-element elementor-element-b563746 elementor-widget elementor-widget-text-editor\" data-id=\"b563746\" data-element_type=\"widget\" data-widget_type=\"text-editor.default\">\n\t\t\t\t\t\t\t\t\t<p>Au rez-de-chauss\u00e9e, la suite parentale offre une salle de bain avec baignoire \u00e0 remous, douche, WC, s\u00e8che-serviette et meuble de rangement. En compl\u00e9ment, une salle d&#8217;eau avec douche, meuble, s\u00e8che-serviettes et lavabo se trouve en face de la chambre d&#8217;amis. Enfin, un WC ind\u00e9pendant sert pour tout le rez-de-chauss\u00e9e.<br \/>A l&#8217;\u00e9tage, un autre WC est mis \u00e0 disposition des chambres, chacune disposant de sa propre salle d&#8217;eau avec douche et meuble avec lavabo.<\/p>\t\t\t\t\t\t\t\t<\/div>\n\t\t\t\t<div class=\"elementor-element elementor-element-8e5ddba elementor-arrows-position-inside elementor-pagination-position-outside elementor-widget elementor-widget-image-carousel\" data-id=\"8e5ddba\" data-element_type=\"widget\" data-settings=\"{&quot;navigation&quot;:&quot;both&quot;,&quot;autoplay&quot;:&quot;yes&quot;,&quot;pause_on_hover&quot;:&quot;yes&quot;,&quot;pause_on_interaction&quot;:&quot;yes&quot;,&quot;autoplay_speed&quot;:5000,&quot;infinite&quot;:&quot;yes&quot;,&quot;speed&quot;:500}\" data-widget_type=\"image-carousel.default\">\n\t\t\t\t\t\t\t<div class=\"elementor-image-carousel-wrapper swiper\" role=\"region\" aria-roledescription=\"carousel\" aria-label=\"Carrousel d\u2019images\" dir=\"ltr\">\n\t\t\t<div class=\"elementor-image-carousel swiper-wrapper\" aria-live=\"off\">\n\t\t\t\t\t\t\t\t<div class=\"swiper-slide\" role=\"group\" aria-roledescription=\"slide\" aria-label=\"1 sur 5\"><figure class=\"swiper-slide-inner\"><img decoding=\"async\" class=\"swiper-slide-image\" src=\"https:\/\/casasuprana.fr\/wp-content\/uploads\/2026\/01\/IMG_5554_thumb.jpg\" alt=\"IMG_5554_thumb\" \/><\/figure><\/div><div class=\"swiper-slide\" role=\"group\" aria-roledescription=\"slide\" aria-label=\"2 sur 5\"><figure class=\"swiper-slide-inner\"><img decoding=\"async\" class=\"swiper-slide-image\" src=\"https:\/\/casasuprana.fr\/wp-content\/uploads\/2026\/01\/IMG_5552_thumb.jpg\" alt=\"IMG_5552_thumb\" \/><\/figure><\/div><div class=\"swiper-slide\" role=\"group\" aria-roledescription=\"slide\" aria-label=\"3 sur 5\"><figure class=\"swiper-slide-inner\"><img decoding=\"async\" class=\"swiper-slide-image\" src=\"https:\/\/casasuprana.fr\/wp-content\/uploads\/2026\/01\/IMG_3663_thumb.jpg\" alt=\"IMG_3663_thumb\" \/><\/figure><\/div><div class=\"swiper-slide\" role=\"group\" aria-roledescription=\"slide\" aria-label=\"4 sur 5\"><figure class=\"swiper-slide-inner\"><img decoding=\"async\" class=\"swiper-slide-image\" src=\"https:\/\/casasuprana.fr\/wp-content\/uploads\/2026\/01\/IMG_3662_thumb.jpg\" alt=\"IMG_3662_thumb\" \/><\/figure><\/div><div class=\"swiper-slide\" role=\"group\" aria-roledescription=\"slide\" aria-label=\"5 sur 5\"><figure class=\"swiper-slide-inner\"><img decoding=\"async\" class=\"swiper-slide-image\" src=\"https:\/\/casasuprana.fr\/wp-content\/uploads\/2026\/01\/IMG_5552-300x169.jpg\" alt=\"IMG_5552\" \/><\/figure><\/div>\t\t\t<\/div>\n\t\t\t\t\t\t\t\t\t\t\t\t<div class=\"elementor-swiper-button elementor-swiper-button-prev\" role=\"button\" tabindex=\"0\">\n\t\t\t\t\t\t<svg aria-hidden=\"true\" class=\"e-font-icon-svg e-eicon-chevron-left\" viewBox=\"0 0 1000 1000\" xmlns=\"http:\/\/www.w3.org\/2000\/svg\"><path d=\"M646 125C629 125 613 133 604 142L308 442C296 454 292 471 292 487 292 504 296 521 308 533L604 854C617 867 629 875 646 875 663 875 679 871 692 858 704 846 713 829 713 812 713 796 708 779 692 767L438 487 692 225C700 217 708 204 708 187 708 171 704 154 692 142 675 129 663 125 646 125Z\"><\/path><\/svg>\t\t\t\t\t<\/div>\n\t\t\t\t\t<div class=\"elementor-swiper-button elementor-swiper-button-next\" role=\"button\" tabindex=\"0\">\n\t\t\t\t\t\t<svg aria-hidden=\"true\" class=\"e-font-icon-svg e-eicon-chevron-right\" viewBox=\"0 0 1000 1000\" xmlns=\"http:\/\/www.w3.org\/2000\/svg\"><path d=\"M696 533C708 521 713 504 713 487 713 471 708 454 696 446L400 146C388 133 375 125 354 125 338 125 325 129 313 142 300 154 292 171 292 187 292 204 296 221 308 233L563 492 304 771C292 783 288 800 288 817 288 833 296 850 308 863 321 871 338 875 354 875 371 875 388 867 400 854L696 533Z\"><\/path><\/svg>\t\t\t\t\t<\/div>\n\t\t\t\t\n\t\t\t\t\t\t\t\t\t<div class=\"swiper-pagination\"><\/div>\n\t\t\t\t\t\t\t\t\t<\/div>\n\t\t\t\t\t\t<\/div>\n\t\t\t\t\t<\/div>\n\t\t<\/div>\n\t\t\t\t\t<\/div>\n\t\t<\/section>\n\t\t\t\t<section class=\"elementor-section elementor-top-section elementor-element elementor-element-65cc8ef elementor-section-full_width elementor-section-height-default elementor-section-height-default\" data-id=\"65cc8ef\" data-element_type=\"section\">\n\t\t\t\t\t\t<div class=\"elementor-container elementor-column-gap-no\">\n\t\t\t\t\t<div class=\"elementor-column elementor-col-100 elementor-top-column elementor-element elementor-element-b317bea\" data-id=\"b317bea\" data-element_type=\"column\">\n\t\t\t<div class=\"elementor-widget-wrap elementor-element-populated\">\n\t\t\t\t\t\t<div class=\"elementor-element elementor-element-2ffbb1f elementor-widget elementor-widget-stratum-advanced-google-map\" data-id=\"2ffbb1f\" data-element_type=\"widget\" data-settings=\"{&quot;map_lat&quot;:41.7067,&quot;map_lng&quot;:9.07219,&quot;marker_title&quot;:&quot;Marker&quot;,&quot;marker_lat&quot;:&quot;41.7067&quot;,&quot;marker_lng&quot;:&quot;9.07219&quot;,&quot;marker_content&quot;:&quot;&lt;p&gt;24 stritta di Casanova supranu&lt;\\\/p&gt;&lt;p&gt;20112 ALTAG\\u00c8NE&lt;\\\/p&gt;&quot;,&quot;zoom_level&quot;:{&quot;unit&quot;:&quot;px&quot;,&quot;size&quot;:12,&quot;sizes&quot;:[]},&quot;map_type_setup&quot;:&quot;single&quot;,&quot;interaction&quot;:&quot;cooperative&quot;,&quot;marker_type_setup&quot;:&quot;coordinates&quot;,&quot;popup_max_width&quot;:250,&quot;street_view_control&quot;:&quot;yes&quot;,&quot;map_type_control&quot;:&quot;yes&quot;,&quot;zoom_control&quot;:&quot;yes&quot;,&quot;map_theme_source&quot;:&quot;standard&quot;,&quot;map_standards_styles&quot;:&quot;standard&quot;}\" data-widget_type=\"stratum-advanced-google-map.default\">\n\t\t\t\t\t<div class=\"stratum-advanced-google-map\" data-map-options=\"{&quot;center&quot;:{&quot;mapLat&quot;:&quot;41.7067&quot;,&quot;mapLng&quot;:&quot;9.07219&quot;},&quot;controls&quot;:{&quot;streetViewControl&quot;:true,&quot;mapTypeControl&quot;:true,&quot;zoomControl&quot;:true,&quot;fullscreenControl&quot;:false},&quot;zoomLevel&quot;:{&quot;unit&quot;:&quot;px&quot;,&quot;size&quot;:12,&quot;sizes&quot;:[]},&quot;markerTypeSetup&quot;:&quot;coordinates&quot;,&quot;mapTypeSetup&quot;:&quot;single&quot;,&quot;interaction&quot;:&quot;cooperative&quot;,&quot;markers&quot;:[{&quot;markerLat&quot;:&quot;41.7067&quot;,&quot;markerLng&quot;:&quot;9.07219&quot;,&quot;markerTitle&quot;:&quot;Marker&quot;,&quot;markerContent&quot;:&quot;&lt;p&gt;24 stritta di Casanova supranu&lt;\\\/p&gt;&lt;p&gt;20112 ALTAG\\u00c8NE&lt;\\\/p&gt;&quot;,&quot;popupMaxWidth&quot;:250,&quot;isOpenPopup&quot;:false}],&quot;mapTheme&quot;:&quot;standard&quot;}\">\n    <div class=\"stratum-advanced-google-map__container\"><\/div>\n<\/div>\n\t\t\t\t<\/div>\n\t\t\t\t\t<\/div>\n\t\t<\/div>\n\t\t\t\t\t<\/div>\n\t\t<\/section>\n\t\t<div class=\"elementor-element elementor-element-8fe4032 e-flex e-con-boxed e-con e-parent\" data-id=\"8fe4032\" data-element_type=\"container\">\n\t\t\t\t\t<div class=\"e-con-inner\">\n\t\t\t\t\t<\/div>\n\t\t\t\t<\/div>\n\t\t\t\t<\/div>\n\t\t","protected":false},"excerpt":{"rendered":"<p>La maison Casa Suprana vous accueille \u00e0 Altag\u00e8ne. Au calme, loin de l&#8217;agitation, mais proche des commodit\u00e9s, des plages et des activit\u00e9s de montagne. Au coeur de l&#8217;Alta Rocca, \u00e0 25 minutes de Sart\u00e8ne et Propriano. Explorez les merveilles du Sartenais-Valinco et de l&#8217;Alta-Rocca. Altag\u00e8ne 220 m\u00b2 de confort: S\u00e9jour cuisine de 90 m\u00b2, suite [&hellip;]<\/p>\n","protected":false},"author":1,"featured_media":0,"parent":0,"menu_order":0,"comment_status":"closed","ping_status":"closed","template":"template-front-page.php","meta":{"inline_featured_image":false,"footnotes":""},"class_list":["post-385","page","type-page","status-publish","hentry"],"_links":{"self":[{"href":"https:\/\/casasuprana.fr\/index.php\/wp-json\/wp\/v2\/pages\/385","targetHints":{"allow":["GET"]}}],"collection":[{"href":"https:\/\/casasuprana.fr\/index.php\/wp-json\/wp\/v2\/pages"}],"about":[{"href":"https:\/\/casasuprana.fr\/index.php\/wp-json\/wp\/v2\/types\/page"}],"author":[{"embeddable":true,"href":"https:\/\/casasuprana.fr\/index.php\/wp-json\/wp\/v2\/users\/1"}],"replies":[{"embeddable":true,"href":"https:\/\/casasuprana.fr\/index.php\/wp-json\/wp\/v2\/comments?post=385"}],"version-history":[{"count":70,"href":"https:\/\/casasuprana.fr\/index.php\/wp-json\/wp\/v2\/pages\/385\/revisions"}],"predecessor-version":[{"id":755,"href":"https:\/\/casasuprana.fr\/index.php\/wp-json\/wp\/v2\/pages\/385\/revisions\/755"}],"wp:attachment":[{"href":"https:\/\/casasuprana.fr\/index.php\/wp-json\/wp\/v2\/media?parent=385"}],"curies":[{"name":"wp","href":"https:\/\/api.w.org\/{rel}","templated":true}]}}